{"id":22790,"date":"2020-10-05T11:30:33","date_gmt":"2020-10-05T08:30:33","guid":{"rendered":"https:\/\/www.radiomarket.fi\/tuote\/ekua6162-schaub-lorenz-touring-t30-automatic\/"},"modified":"2021-08-14T13:16:44","modified_gmt":"2021-08-14T10:16:44","slug":"ekua6162-schaub-lorenz-touring-t30-automatic","status":"publish","type":"product","link":"https:\/\/www.radiomarket.fi\/en\/kohde\/ekua6162-schaub-lorenz-touring-t30-automatic\/","title":{"rendered":"EKUA6162 Schaub-Lorenz Touring T30 Automatic"},"content":{"rendered":"<p>Metalliritil\u00e4 virheet\u00f6n (myyty), kankaassa kosteusj\u00e4lki<\/p>","protected":false},"excerpt":{"rendered":"<p>Metalliritil\u00e4 virheet\u00f6n (myyty), kankaassa kosteusj\u00e4lki<\/p>","protected":false},"featured_media":7034,"template":"","meta":[],"_links":{"self":[{"href":"https:\/\/www.radiomarket.fi\/en\/wp-json\/wp\/v2\/product\/22790"}],"collection":[{"href":"https:\/\/www.radiomarket.fi\/en\/wp-json\/wp\/v2\/product"}],"about":[{"href":"https:\/\/www.radiomarket.fi\/en\/wp-json\/wp\/v2\/types\/product"}],"wp:featuredmedia":[{"embeddable":true,"href":"https:\/\/www.radiomarket.fi\/en\/wp-json\/wp\/v2\/media\/7034"}],"wp:attachment":[{"href":"https:\/\/www.radiomarket.fi\/en\/wp-json\/wp\/v2\/media?parent=22790"}],"curies":[{"name":"wp","href":"https:\/\/api.w.org\/{rel}","templated":true}]}}