{"id":22793,"date":"2024-04-04T11:30:34","date_gmt":"2024-04-04T08:30:34","guid":{"rendered":"https:\/\/www.radiomarket.fi\/tuote\/ekua6159-salora-riviera\/"},"modified":"2024-04-04T19:22:19","modified_gmt":"2024-04-04T16:22:19","slug":"ekua6159-salora-riviera","status":"publish","type":"product","link":"https:\/\/www.radiomarket.fi\/en\/kohde\/ekua6159-salora-riviera\/","title":{"rendered":"EKUA6159 Salora Riviera koneisto puretaan (EKUS)"},"content":{"rendered":"<p>Pelkk\u00e4 purettava koneisto, \u00e4\u00e4nenv\u00e4rinupit ja 5 painonappia j\u00e4ljell\u00e4, jotka maalattu vihre\u00e4ksi, ei lasia, ei putkia.\u00a0<br \/><br \/>Koneistosta purettu ainakin seuraavat osat:<br \/><br \/>2 kpl aluevalitsimen vipuvarsia<br \/>p\u00e4\u00e4temuuntaja<br \/><br \/>Voi olla purettu muutakin.<br \/><br \/>HUOM! Aluevalitsimien vipuvarsissa on vuosimallieroja eiv\u00e4tk\u00e4 k\u00e4y aina ristiin. Kts. tuotekuva. T\u00e4ss\u00e4 mallissa k\u00e4ytetty on vipuvarsi nro 1.\u00a0<\/p>","protected":false},"excerpt":{"rendered":"<p>Pelkk\u00e4 purettava koneisto, \u00e4\u00e4nenv\u00e4rinupit ja 5 painonappia j\u00e4ljell\u00e4, jotka maalattu vihre\u00e4ksi, ei lasia, ei putkia.\u00a0Koneistosta purettu ainakin seuraavat osat:2 kpl aluevalitsimen vipuvarsiap\u00e4\u00e4temuuntajaVoi olla purettu muutakin.HUOM! Aluevalitsimien vipuvarsissa on vuosimallieroja eiv\u00e4tk\u00e4 k\u00e4y aina ristiin. Kts. tuotekuva. T\u00e4ss\u00e4 mallissa k\u00e4ytetty on vipuvarsi nro 1.\u00a0<\/p>","protected":false},"featured_media":7028,"template":"","meta":[],"_links":{"self":[{"href":"https:\/\/www.radiomarket.fi\/en\/wp-json\/wp\/v2\/product\/22793"}],"collection":[{"href":"https:\/\/www.radiomarket.fi\/en\/wp-json\/wp\/v2\/product"}],"about":[{"href":"https:\/\/www.radiomarket.fi\/en\/wp-json\/wp\/v2\/types\/product"}],"wp:featuredmedia":[{"embeddable":true,"href":"https:\/\/www.radiomarket.fi\/en\/wp-json\/wp\/v2\/media\/7028"}],"wp:attachment":[{"href":"https:\/\/www.radiomarket.fi\/en\/wp-json\/wp\/v2\/media?parent=22793"}],"curies":[{"name":"wp","href":"https:\/\/api.w.org\/{rel}","templated":true}]}}