{"id":22796,"date":"2020-10-05T11:30:36","date_gmt":"2020-10-05T08:30:36","guid":{"rendered":"https:\/\/www.radiomarket.fi\/tuote\/ekua6156-origo-4002\/"},"modified":"2020-10-05T11:30:36","modified_gmt":"2020-10-05T08:30:36","slug":"ekua6156-origo-4002","status":"publish","type":"product","link":"https:\/\/www.radiomarket.fi\/en\/kohde\/ekua6156-origo-4002\/","title":{"rendered":"EKUA6156 Origo 4002"},"content":{"rendered":"Kaiuttimet ja hieman v\u00e4\u00e4ntynyt teleskooppi j\u00e4ljell\u00e4, kaiuttimet 3.5 mm plugilla, sopii moneen k\u00e4ytt\u00f6\u00f6n","protected":false},"excerpt":{"rendered":"<p>Kaiuttimet ja hieman v\u00e4\u00e4ntynyt teleskooppi j\u00e4ljell\u00e4, kaiuttimet 3.5 mm plugilla, sopii moneen k\u00e4ytt\u00f6\u00f6n<\/p>","protected":false},"featured_media":7020,"template":"","meta":[],"_links":{"self":[{"href":"https:\/\/www.radiomarket.fi\/en\/wp-json\/wp\/v2\/product\/22796"}],"collection":[{"href":"https:\/\/www.radiomarket.fi\/en\/wp-json\/wp\/v2\/product"}],"about":[{"href":"https:\/\/www.radiomarket.fi\/en\/wp-json\/wp\/v2\/types\/product"}],"wp:featuredmedia":[{"embeddable":true,"href":"https:\/\/www.radiomarket.fi\/en\/wp-json\/wp\/v2\/media\/7020"}],"wp:attachment":[{"href":"https:\/\/www.radiomarket.fi\/en\/wp-json\/wp\/v2\/media?parent=22796"}],"curies":[{"name":"wp","href":"https:\/\/api.w.org\/{rel}","templated":true}]}}