{"id":22806,"date":"2020-10-05T11:30:40","date_gmt":"2020-10-05T08:30:40","guid":{"rendered":"https:\/\/www.radiomarket.fi\/tuote\/ekua6142-aston-askrk-01\/"},"modified":"2020-10-05T11:30:40","modified_gmt":"2020-10-05T08:30:40","slug":"ekua6142-aston-askrk-01","status":"publish","type":"product","link":"https:\/\/www.radiomarket.fi\/en\/kohde\/ekua6142-aston-askrk-01\/","title":{"rendered":"EKUA6142 Aston ASKRK-01"},"content":{"rendered":"Ei kaukos\u00e4\u00e4dint\u00e4, oletusasetus v\u00e4\u00e4r\u00e4ll\u00e4 resoluutiolla mutta sopii k\u00e4ytt\u00f6\u00f6n esim. animaatioiden katseluun.","protected":false},"excerpt":{"rendered":"<p>Ei kaukos\u00e4\u00e4dint\u00e4, oletusasetus v\u00e4\u00e4r\u00e4ll\u00e4 resoluutiolla mutta sopii k\u00e4ytt\u00f6\u00f6n esim. animaatioiden katseluun.<\/p>","protected":false},"featured_media":6984,"template":"","meta":[],"_links":{"self":[{"href":"https:\/\/www.radiomarket.fi\/en\/wp-json\/wp\/v2\/product\/22806"}],"collection":[{"href":"https:\/\/www.radiomarket.fi\/en\/wp-json\/wp\/v2\/product"}],"about":[{"href":"https:\/\/www.radiomarket.fi\/en\/wp-json\/wp\/v2\/types\/product"}],"wp:featuredmedia":[{"embeddable":true,"href":"https:\/\/www.radiomarket.fi\/en\/wp-json\/wp\/v2\/media\/6984"}],"wp:attachment":[{"href":"https:\/\/www.radiomarket.fi\/en\/wp-json\/wp\/v2\/media?parent=22806"}],"curies":[{"name":"wp","href":"https:\/\/api.w.org\/{rel}","templated":true}]}}