{"id":22807,"date":"2020-10-05T11:30:40","date_gmt":"2020-10-05T08:30:40","guid":{"rendered":"https:\/\/www.radiomarket.fi\/tuote\/ekua6140-omavalmiste-6-mm-kelarungolle\/"},"modified":"2020-10-05T11:30:40","modified_gmt":"2020-10-05T08:30:40","slug":"ekua6140-omavalmiste-6-mm-kelarungolle","status":"publish","type":"product","link":"https:\/\/www.radiomarket.fi\/en\/kohde\/ekua6140-omavalmiste-6-mm-kelarungolle\/","title":{"rendered":"EKUA6140 Omavalmiste 6 mm kelarungolle"},"content":{"rendered":"Itse tehty. K\u00e4ytt\u00e4m\u00e4t\u00f6n muovivaluaihio, johon on itse liimattava varsi ja joka vaatii viimeistely\u00e4, useita, hinta yhdelt\u00e4 1,00.","protected":false},"excerpt":{"rendered":"<p>Itse tehty. K\u00e4ytt\u00e4m\u00e4t\u00f6n muovivaluaihio, johon on itse liimattava varsi ja joka vaatii viimeistely\u00e4, useita, hinta yhdelt\u00e4 1,00.<\/p>","protected":false},"featured_media":6979,"template":"","meta":[],"_links":{"self":[{"href":"https:\/\/www.radiomarket.fi\/en\/wp-json\/wp\/v2\/product\/22807"}],"collection":[{"href":"https:\/\/www.radiomarket.fi\/en\/wp-json\/wp\/v2\/product"}],"about":[{"href":"https:\/\/www.radiomarket.fi\/en\/wp-json\/wp\/v2\/types\/product"}],"wp:featuredmedia":[{"embeddable":true,"href":"https:\/\/www.radiomarket.fi\/en\/wp-json\/wp\/v2\/media\/6979"}],"wp:attachment":[{"href":"https:\/\/www.radiomarket.fi\/en\/wp-json\/wp\/v2\/media?parent=22807"}],"curies":[{"name":"wp","href":"https:\/\/api.w.org\/{rel}","templated":true}]}}