{"id":22809,"date":"2020-10-05T11:30:41","date_gmt":"2020-10-05T08:30:41","guid":{"rendered":"https:\/\/www.radiomarket.fi\/tuote\/ekua6135-tuntematon-stsoa465-102-1r\/"},"modified":"2023-01-13T14:51:27","modified_gmt":"2023-01-13T12:51:27","slug":"ekua6135-tuntematon-stsoa465-102-1r","status":"publish","type":"product","link":"https:\/\/www.radiomarket.fi\/en\/kohde\/ekua6135-tuntematon-stsoa465-102-1r\/","title":{"rendered":"EKUA6135 VEB Weimar STSoA465 102-1R (EKUM)"},"content":{"rendered":"<p>Reik\u00e4v\u00e4li keskelt\u00e4 keskelle 26 cm, pient\u00e4 kulumaa asteikkolasissa. Luultavasti sopii esim. malleihin Weimar 4900 ja Weimar 4960. Saattaa sopia my\u00f6s malliin Merkur, mutta aluevalitsimessa saattaa olla eroavaisuuksia. Kuvien ottamisen j\u00e4lkeen asteikkoneulan metallisen pidikkeen ruuvikannattimet murtuneet.<\/p><p><strong>Seuraavat osat puuttuvat:<\/strong><\/p><p>&#8211; Kaikki painonapit<\/p>","protected":false},"excerpt":{"rendered":"<p>Reik\u00e4v\u00e4li keskelt\u00e4 keskelle 26 cm, pient\u00e4 kulumaa asteikkolasissa. Luultavasti sopii esim. malleihin Weimar 4900 ja Weimar 4960. Saattaa sopia my\u00f6s malliin Merkur, mutta aluevalitsimessa saattaa olla eroavaisuuksia. Kuvien ottamisen j\u00e4lkeen asteikkoneulan metallisen pidikkeen ruuvikannattimet murtuneet.Seuraavat osat puuttuvat:&#8211; Kaikki painonapit<\/p>","protected":false},"featured_media":3567,"template":"","meta":[],"_links":{"self":[{"href":"https:\/\/www.radiomarket.fi\/en\/wp-json\/wp\/v2\/product\/22809"}],"collection":[{"href":"https:\/\/www.radiomarket.fi\/en\/wp-json\/wp\/v2\/product"}],"about":[{"href":"https:\/\/www.radiomarket.fi\/en\/wp-json\/wp\/v2\/types\/product"}],"wp:featuredmedia":[{"embeddable":true,"href":"https:\/\/www.radiomarket.fi\/en\/wp-json\/wp\/v2\/media\/3567"}],"wp:attachment":[{"href":"https:\/\/www.radiomarket.fi\/en\/wp-json\/wp\/v2\/media?parent=22809"}],"curies":[{"name":"wp","href":"https:\/\/api.w.org\/{rel}","templated":true}]}}