{"id":22819,"date":"2020-10-05T11:30:44","date_gmt":"2020-10-05T08:30:44","guid":{"rendered":"https:\/\/www.radiomarket.fi\/tuote\/ekua6125-asa-359\/"},"modified":"2023-01-13T12:21:28","modified_gmt":"2023-01-13T10:21:28","slug":"ekua6125-asa-359","status":"publish","type":"product","link":"https:\/\/www.radiomarket.fi\/en\/kohde\/ekua6125-asa-359\/","title":{"rendered":"EKUA6125 Asa 359 (EKUM)"},"content":{"rendered":"<p>Kovin varissut lasi, eroaa mm. mallin 361 lasista eri asemateksteill\u00e4 yl\u00e4riviss\u00e4.<\/p>","protected":false},"excerpt":{"rendered":"<p>Suosittelemme asteikkolaseille s\u00e4rkyv\u00e4-lis\u00e4palvelua (ostettavissa tuotteena)<\/p>","protected":false},"featured_media":3557,"template":"","meta":[],"_links":{"self":[{"href":"https:\/\/www.radiomarket.fi\/en\/wp-json\/wp\/v2\/product\/22819"}],"collection":[{"href":"https:\/\/www.radiomarket.fi\/en\/wp-json\/wp\/v2\/product"}],"about":[{"href":"https:\/\/www.radiomarket.fi\/en\/wp-json\/wp\/v2\/types\/product"}],"wp:featuredmedia":[{"embeddable":true,"href":"https:\/\/www.radiomarket.fi\/en\/wp-json\/wp\/v2\/media\/3557"}],"wp:attachment":[{"href":"https:\/\/www.radiomarket.fi\/en\/wp-json\/wp\/v2\/media?parent=22819"}],"curies":[{"name":"wp","href":"https:\/\/api.w.org\/{rel}","templated":true}]}}