{"id":22821,"date":"2020-10-05T11:30:45","date_gmt":"2020-10-05T08:30:45","guid":{"rendered":"https:\/\/www.radiomarket.fi\/tuote\/ekua6123-helvar-80012b-800128\/"},"modified":"2023-01-13T12:16:41","modified_gmt":"2023-01-13T10:16:41","slug":"ekua6123-helvar-80012b-800128","status":"publish","type":"product","link":"https:\/\/www.radiomarket.fi\/en\/kohde\/ekua6123-helvar-80012b-800128\/","title":{"rendered":"EKUA6123 Helvar 80012B (800128?) (EKUM)"},"content":{"rendered":"<p>Reik\u00e4v\u00e4li keskelt\u00e4 keskelle 29,3 cm, oikealla oleva kaareva ikkuna on ula-asteikolle. 2 kpl hyvi\u00e4.\u00a0<\/p>","protected":false},"excerpt":{"rendered":"<p>Suosittelemme asteikkolaseille s\u00e4rkyv\u00e4-lis\u00e4palvelua (ostettavissa tuotteena)<\/p>","protected":false},"featured_media":3555,"template":"","meta":[],"_links":{"self":[{"href":"https:\/\/www.radiomarket.fi\/en\/wp-json\/wp\/v2\/product\/22821"}],"collection":[{"href":"https:\/\/www.radiomarket.fi\/en\/wp-json\/wp\/v2\/product"}],"about":[{"href":"https:\/\/www.radiomarket.fi\/en\/wp-json\/wp\/v2\/types\/product"}],"wp:featuredmedia":[{"embeddable":true,"href":"https:\/\/www.radiomarket.fi\/en\/wp-json\/wp\/v2\/media\/3555"}],"wp:attachment":[{"href":"https:\/\/www.radiomarket.fi\/en\/wp-json\/wp\/v2\/media?parent=22821"}],"curies":[{"name":"wp","href":"https:\/\/api.w.org\/{rel}","templated":true}]}}