{"id":22827,"date":"2020-10-05T11:30:48","date_gmt":"2020-10-05T08:30:48","guid":{"rendered":"https:\/\/www.radiomarket.fi\/tuote\/ekua6117-luxor-asteikkolasi\/"},"modified":"2025-05-27T12:47:00","modified_gmt":"2025-05-27T09:47:00","slug":"ekua6117-luxor-asteikkolasi","status":"publish","type":"product","link":"https:\/\/www.radiomarket.fi\/en\/kohde\/ekua6117-luxor-asteikkolasi\/","title":{"rendered":"EKUA6117 Luxor asteikkolasi (EKUM)"},"content":{"rendered":"<p>Reik\u00e4v\u00e4li keskelt\u00e4 keskelle 28 cm, ulkopuolella ULA-alueen alla maalattu hopean v\u00e4rinen viiva. Tekstit suomeksi. Vaikuttaa Luxorilta.<\/p>","protected":false},"excerpt":{"rendered":"<p>Suosittelemme asteikkolaseille s\u00e4rkyv\u00e4-lis\u00e4palvelua (ostettavissa tuotteena)<\/p>","protected":false},"featured_media":3549,"template":"","meta":[],"_links":{"self":[{"href":"https:\/\/www.radiomarket.fi\/en\/wp-json\/wp\/v2\/product\/22827"}],"collection":[{"href":"https:\/\/www.radiomarket.fi\/en\/wp-json\/wp\/v2\/product"}],"about":[{"href":"https:\/\/www.radiomarket.fi\/en\/wp-json\/wp\/v2\/types\/product"}],"wp:featuredmedia":[{"embeddable":true,"href":"https:\/\/www.radiomarket.fi\/en\/wp-json\/wp\/v2\/media\/3549"}],"wp:attachment":[{"href":"https:\/\/www.radiomarket.fi\/en\/wp-json\/wp\/v2\/media?parent=22827"}],"curies":[{"name":"wp","href":"https:\/\/api.w.org\/{rel}","templated":true}]}}