{"id":22842,"date":"2020-10-05T11:30:54","date_gmt":"2020-10-05T08:30:54","guid":{"rendered":"https:\/\/www.radiomarket.fi\/tuote\/ekua6028-nokia-007mm\/"},"modified":"2026-04-07T15:30:23","modified_gmt":"2026-04-07T12:30:23","slug":"ekua6028-nokia-007mm","status":"publish","type":"product","link":"https:\/\/www.radiomarket.fi\/en\/kohde\/ekua6028-nokia-007mm\/","title":{"rendered":"EKUA6028 Nokia 0,07mm"},"content":{"rendered":"<p>Katso my\u00f6s EKUA0916. Uutta lakattua lankaa, hinta t\u00e4ydelt\u00e4 rullalta. Ostamme rullan takaisin puoleen hintaan kun tarvittava lanka on otettu. Tai k\u00e4ytt\u00f6prosentin mukaan, t\u00e4ysi rulla painaa 815 grammaa.<\/p>","protected":false},"excerpt":{"rendered":"<p>Katso my\u00f6s EKUA0916. Uutta lakattua lankaa, hinta t\u00e4ydelt\u00e4 rullalta. Ostamme rullan takaisin puoleen hintaan kun tarvittava lanka on otettu. Tai k\u00e4ytt\u00f6prosentin mukaan, t\u00e4ysi rulla painaa 815 grammaa.<\/p>","protected":false},"featured_media":6907,"template":"","meta":[],"_links":{"self":[{"href":"https:\/\/www.radiomarket.fi\/en\/wp-json\/wp\/v2\/product\/22842"}],"collection":[{"href":"https:\/\/www.radiomarket.fi\/en\/wp-json\/wp\/v2\/product"}],"about":[{"href":"https:\/\/www.radiomarket.fi\/en\/wp-json\/wp\/v2\/types\/product"}],"wp:featuredmedia":[{"embeddable":true,"href":"https:\/\/www.radiomarket.fi\/en\/wp-json\/wp\/v2\/media\/6907"}],"wp:attachment":[{"href":"https:\/\/www.radiomarket.fi\/en\/wp-json\/wp\/v2\/media?parent=22842"}],"curies":[{"name":"wp","href":"https:\/\/api.w.org\/{rel}","templated":true}]}}