{"id":22863,"date":"2024-06-13T16:31:02","date_gmt":"2024-06-13T13:31:02","guid":{"rendered":"https:\/\/www.radiomarket.fi\/tuote\/ekua6000-british-forces-cv85\/"},"modified":"2024-06-13T21:44:19","modified_gmt":"2024-06-13T18:44:19","slug":"ekua6000-british-forces-cv85","status":"publish","type":"product","link":"https:\/\/www.radiomarket.fi\/en\/kohde\/ekua6000-british-forces-cv85\/","title":{"rendered":"EKUA6000 British Forces CV85 trigatron tutkaputki NOS (EKUS)"},"content":{"rendered":"<p>K\u00e4ytt\u00e4m\u00e4tt\u00f6mi\u00e4 tutkassa k\u00e4ytettyj\u00e4 putkia, suojaverkko pulssir\u00e4j\u00e4hdyksen varalta. Valmistettu vuodesta 1942. Saa suurtehopulssin tutkalle. Putkessa argonia ja happea. Myyd\u00e4\u00e4n vain ker\u00e4ilytarkoitukseen.<\/p><p>https:\/\/www.radiomuseum.org\/tubes\/tube_cv85.html<\/p>","protected":false},"excerpt":{"rendered":"<p>K\u00e4ytt\u00e4m\u00e4tt\u00f6mi\u00e4 tutkassa k\u00e4ytettyj\u00e4 putkia, suojaverkko pulssir\u00e4j\u00e4hdyksen varalta. Valmistettu vuodesta 1942. Saa suurtehopulssin tutkalle. Putkessa argonia ja happea. Myyd\u00e4\u00e4n vain ker\u00e4ilytarkoitukseen.https:\/\/www.radiomuseum.org\/tubes\/tube_cv85.html<\/p>","protected":false},"featured_media":6866,"template":"","meta":[],"_links":{"self":[{"href":"https:\/\/www.radiomarket.fi\/en\/wp-json\/wp\/v2\/product\/22863"}],"collection":[{"href":"https:\/\/www.radiomarket.fi\/en\/wp-json\/wp\/v2\/product"}],"about":[{"href":"https:\/\/www.radiomarket.fi\/en\/wp-json\/wp\/v2\/types\/product"}],"wp:featuredmedia":[{"embeddable":true,"href":"https:\/\/www.radiomarket.fi\/en\/wp-json\/wp\/v2\/media\/6866"}],"wp:attachment":[{"href":"https:\/\/www.radiomarket.fi\/en\/wp-json\/wp\/v2\/media?parent=22863"}],"curies":[{"name":"wp","href":"https:\/\/api.w.org\/{rel}","templated":true}]}}