{"id":22938,"date":"2020-10-05T11:31:31","date_gmt":"2020-10-05T08:31:31","guid":{"rendered":"https:\/\/www.radiomarket.fi\/tuote\/ekua5517-tlh-band-1-e35\/"},"modified":"2025-02-25T00:03:24","modified_gmt":"2025-02-24T22:03:24","slug":"ekua5517-tlh-band-1-e35","status":"publish","type":"product","link":"https:\/\/www.radiomarket.fi\/en\/kohde\/ekua5517-tlh-band-1-e35\/","title":{"rendered":"EKUA5517 TLH Band 1 E35"},"content":{"rendered":"Pient\u00e4 kolhua. 40 Mhz asti. Katso my\u00f6s EKUA5518 ja EKUA5519.","protected":false},"excerpt":{"rendered":"<p>Pient\u00e4 kolhua. 40 Mhz asti. Katso my\u00f6s EKUA5518 ja EKUA5519.<\/p>","protected":false},"featured_media":6716,"template":"","meta":[],"_links":{"self":[{"href":"https:\/\/www.radiomarket.fi\/en\/wp-json\/wp\/v2\/product\/22938"}],"collection":[{"href":"https:\/\/www.radiomarket.fi\/en\/wp-json\/wp\/v2\/product"}],"about":[{"href":"https:\/\/www.radiomarket.fi\/en\/wp-json\/wp\/v2\/types\/product"}],"wp:featuredmedia":[{"embeddable":true,"href":"https:\/\/www.radiomarket.fi\/en\/wp-json\/wp\/v2\/media\/6716"}],"wp:attachment":[{"href":"https:\/\/www.radiomarket.fi\/en\/wp-json\/wp\/v2\/media?parent=22938"}],"curies":[{"name":"wp","href":"https:\/\/api.w.org\/{rel}","templated":true}]}}