{"id":22941,"date":"2020-10-05T11:31:33","date_gmt":"2020-10-05T08:31:33","guid":{"rendered":"https:\/\/www.radiomarket.fi\/tuote\/ekua5513-tess-autokaiutinpari\/"},"modified":"2020-10-05T11:31:33","modified_gmt":"2020-10-05T08:31:33","slug":"ekua5513-tess-autokaiutinpari","status":"publish","type":"product","link":"https:\/\/www.radiomarket.fi\/en\/kohde\/ekua5513-tess-autokaiutinpari\/","title":{"rendered":"EKUA5513 Tess autokaiutinpari"},"content":{"rendered":"Ehjilt\u00e4 n\u00e4ytt\u00e4\u00e4, parin hinta","protected":false},"excerpt":{"rendered":"<p>Ehjilt\u00e4 n\u00e4ytt\u00e4\u00e4, parin hinta<\/p>","protected":false},"featured_media":6711,"template":"","meta":[],"_links":{"self":[{"href":"https:\/\/www.radiomarket.fi\/en\/wp-json\/wp\/v2\/product\/22941"}],"collection":[{"href":"https:\/\/www.radiomarket.fi\/en\/wp-json\/wp\/v2\/product"}],"about":[{"href":"https:\/\/www.radiomarket.fi\/en\/wp-json\/wp\/v2\/types\/product"}],"wp:featuredmedia":[{"embeddable":true,"href":"https:\/\/www.radiomarket.fi\/en\/wp-json\/wp\/v2\/media\/6711"}],"wp:attachment":[{"href":"https:\/\/www.radiomarket.fi\/en\/wp-json\/wp\/v2\/media?parent=22941"}],"curies":[{"name":"wp","href":"https:\/\/api.w.org\/{rel}","templated":true}]}}