{"id":22947,"date":"2020-10-05T11:31:35","date_gmt":"2020-10-05T08:31:35","guid":{"rendered":"https:\/\/www.radiomarket.fi\/tuote\/ekua5507-tuntematon-at-puhelin\/"},"modified":"2020-10-05T11:31:35","modified_gmt":"2020-10-05T08:31:35","slug":"ekua5507-tuntematon-at-puhelin","status":"publish","type":"product","link":"https:\/\/www.radiomarket.fi\/en\/kohde\/ekua5507-tuntematon-at-puhelin\/","title":{"rendered":"EKUA5507 Tuntematon AT-puhelin"},"content":{"rendered":"Valkoinen, k\u00e4yt\u00f6n j\u00e4ljet.","protected":false},"excerpt":{"rendered":"<p>Valkoinen, k\u00e4yt\u00f6n j\u00e4ljet.<\/p>","protected":false},"featured_media":6704,"template":"","meta":[],"_links":{"self":[{"href":"https:\/\/www.radiomarket.fi\/en\/wp-json\/wp\/v2\/product\/22947"}],"collection":[{"href":"https:\/\/www.radiomarket.fi\/en\/wp-json\/wp\/v2\/product"}],"about":[{"href":"https:\/\/www.radiomarket.fi\/en\/wp-json\/wp\/v2\/types\/product"}],"wp:featuredmedia":[{"embeddable":true,"href":"https:\/\/www.radiomarket.fi\/en\/wp-json\/wp\/v2\/media\/6704"}],"wp:attachment":[{"href":"https:\/\/www.radiomarket.fi\/en\/wp-json\/wp\/v2\/media?parent=22947"}],"curies":[{"name":"wp","href":"https:\/\/api.w.org\/{rel}","templated":true}]}}