{"id":22956,"date":"2020-10-05T11:31:38","date_gmt":"2020-10-05T08:31:38","guid":{"rendered":"https:\/\/www.radiomarket.fi\/tuote\/ekua5498-omavalmiste-audiovahvistin\/"},"modified":"2023-02-09T14:37:34","modified_gmt":"2023-02-09T12:37:34","slug":"ekua5498-omavalmiste-audiovahvistin","status":"publish","type":"product","link":"https:\/\/www.radiomarket.fi\/en\/kohde\/ekua5498-omavalmiste-audiovahvistin\/","title":{"rendered":"EKUA5498 Omavalmiste audiovahvistin? (EKUM)"},"content":{"rendered":"<p>Vaikuttaa keskener\u00e4iselt\u00e4. Ainakin yksi runkoliitin sis\u00e4ll\u00e4 irrallisena. Kotelon kannen ruuvinrei&#8217;ille ei vastareiki\u00e4 kotelossa. Kolmepiikkinen virtajohto (ei mukana). Runkoliitin t\u00e4st\u00e4 varaosana, paneelimittari 0-500 milliampeeria, kolme nuppia, 8 ohminen kaiutinelementti (ei testattu, oletettavasti kuitenkin ehj\u00e4). Tuotteen kokonaishinta on t\u00e4st\u00e4 saatavien varaosien arvioitu yhteishinta.<\/p>","protected":false},"excerpt":{"rendered":"<p>Vaikuttaa keskener\u00e4iselt\u00e4. Ainakin yksi runkoliitin sis\u00e4ll\u00e4 irrallisena. Kotelon kannen ruuvinrei&#8217;ille ei vastareiki\u00e4 kotelossa. Kolmepiikkinen virtajohto (ei mukana). Runkoliitin t\u00e4st\u00e4 varaosana, paneelimittari 0-500 milliampeeria, kolme nuppia, 8 ohminen kaiutinelementti (ei testattu, oletettavasti kuitenkin ehj\u00e4). Tuotteen kokonaishinta on t\u00e4st\u00e4 saatavien varaosien arvioitu yhteishinta.<\/p>","protected":false},"featured_media":6688,"template":"","meta":[],"_links":{"self":[{"href":"https:\/\/www.radiomarket.fi\/en\/wp-json\/wp\/v2\/product\/22956"}],"collection":[{"href":"https:\/\/www.radiomarket.fi\/en\/wp-json\/wp\/v2\/product"}],"about":[{"href":"https:\/\/www.radiomarket.fi\/en\/wp-json\/wp\/v2\/types\/product"}],"wp:featuredmedia":[{"embeddable":true,"href":"https:\/\/www.radiomarket.fi\/en\/wp-json\/wp\/v2\/media\/6688"}],"wp:attachment":[{"href":"https:\/\/www.radiomarket.fi\/en\/wp-json\/wp\/v2\/media?parent=22956"}],"curies":[{"name":"wp","href":"https:\/\/api.w.org\/{rel}","templated":true}]}}