{"id":22960,"date":"2024-04-18T11:31:40","date_gmt":"2024-04-18T08:31:40","guid":{"rendered":"https:\/\/www.radiomarket.fi\/tuote\/ekua5493x-hitachi-mx-w50\/"},"modified":"2024-04-18T17:29:04","modified_gmt":"2024-04-18T14:29:04","slug":"ekua5493x-hitachi-mx-w50","status":"publish","type":"product","link":"https:\/\/www.radiomarket.fi\/en\/kohde\/ekua5493x-hitachi-mx-w50\/","title":{"rendered":"EKUA5493x Hitachi MX-W50 (EKUM)"},"content":{"rendered":"<p>Valkoista\/mustaa muovia oleva laite, jossa vasemmalla mustan kannen alla cd-soitin, siit\u00e4 seuraavana oikealle p\u00e4in samoin mustan kannen alla rinnakkain kaksi kasettipes\u00e4\u00e4. Etuosa valkoinen, siin\u00e4 luonnonvalkoiset n\u00e4pp\u00e4imet, joista yksi, vasemmassa kulmassa oleva on painunut laitteen sis\u00e4\u00e4n. Stereo\/casette receiver\/ compact disc player.<br \/><br \/>Virta tulee, valmiustilan merkiksi syttyy ainakin jokin ledi, varsinainen virtakytkin viallinen, joten muita toimintoja ei ole testattu.<br \/><br \/>Ei kaukos\u00e4\u00e4dint\u00e4, ei kaiuttimia.<\/p>","protected":false},"excerpt":{"rendered":"<p>Valkoista\/mustaa muovia oleva laite, jossa vasemmalla mustan kannen alla cd-soitin, siit\u00e4 seuraavana oikealle p\u00e4in samoin mustan kannen alla rinnakkain kaksi kasettipes\u00e4\u00e4. Etuosa valkoinen, siin\u00e4 luonnonvalkoiset n\u00e4pp\u00e4imet, joista yksi, vasemmassa kulmassa oleva on painunut laitteen sis\u00e4\u00e4n. Stereo\/casette receiver\/ compact disc player.Virta tulee, valmiustilan merkiksi syttyy ainakin jokin ledi, varsinainen virtakytkin viallinen, joten muita toimintoja ei ole &hellip;<\/p>\n<p class=\"read-more\"> <a class=\"thunk-readmore button\" href=\"https:\/\/www.radiomarket.fi\/en\/kohde\/ekua5493x-hitachi-mx-w50\/\"> <span class=\"screen-reader-text\">EKUA5493x Hitachi MX-W50 (EKUM)<\/span>Read More<\/a><\/p>","protected":false},"featured_media":6681,"template":"","meta":[],"_links":{"self":[{"href":"https:\/\/www.radiomarket.fi\/en\/wp-json\/wp\/v2\/product\/22960"}],"collection":[{"href":"https:\/\/www.radiomarket.fi\/en\/wp-json\/wp\/v2\/product"}],"about":[{"href":"https:\/\/www.radiomarket.fi\/en\/wp-json\/wp\/v2\/types\/product"}],"wp:featuredmedia":[{"embeddable":true,"href":"https:\/\/www.radiomarket.fi\/en\/wp-json\/wp\/v2\/media\/6681"}],"wp:attachment":[{"href":"https:\/\/www.radiomarket.fi\/en\/wp-json\/wp\/v2\/media?parent=22960"}],"curies":[{"name":"wp","href":"https:\/\/api.w.org\/{rel}","templated":true}]}}