{"id":22961,"date":"2020-10-05T11:31:40","date_gmt":"2020-10-05T08:31:40","guid":{"rendered":"https:\/\/www.radiomarket.fi\/tuote\/ekua5493-ericsson-puhelinkeskuskuulokkeen-sanka\/"},"modified":"2021-04-27T03:52:11","modified_gmt":"2021-04-27T00:52:11","slug":"ekua5493-ericsson-puhelinkeskuskuulokkeen-sanka","status":"publish","type":"product","link":"https:\/\/www.radiomarket.fi\/en\/kohde\/ekua5493-ericsson-puhelinkeskuskuulokkeen-sanka\/","title":{"rendered":"EKUA5493 Ericsson puhelinkeskuskuulokkeen sanka?"},"content":{"rendered":"<p>Virheet\u00f6n, kuulokehaarukka vain ensimm\u00e4isen\u00e4 myyt\u00e4v\u00e4ss\u00e4, k\u00e4ytt\u00e4m\u00e4t\u00f6n, osa myyty.<\/p>","protected":false},"excerpt":{"rendered":"<p>Virheet\u00f6n, kuulokehaarukka vain ensimm\u00e4isen\u00e4 myyt\u00e4v\u00e4ss\u00e4, k\u00e4ytt\u00e4m\u00e4t\u00f6n, osa myyty.<\/p>","protected":false},"featured_media":6679,"template":"","meta":[],"_links":{"self":[{"href":"https:\/\/www.radiomarket.fi\/en\/wp-json\/wp\/v2\/product\/22961"}],"collection":[{"href":"https:\/\/www.radiomarket.fi\/en\/wp-json\/wp\/v2\/product"}],"about":[{"href":"https:\/\/www.radiomarket.fi\/en\/wp-json\/wp\/v2\/types\/product"}],"wp:featuredmedia":[{"embeddable":true,"href":"https:\/\/www.radiomarket.fi\/en\/wp-json\/wp\/v2\/media\/6679"}],"wp:attachment":[{"href":"https:\/\/www.radiomarket.fi\/en\/wp-json\/wp\/v2\/media?parent=22961"}],"curies":[{"name":"wp","href":"https:\/\/api.w.org\/{rel}","templated":true}]}}