{"id":22970,"date":"2025-03-08T11:31:44","date_gmt":"2025-03-08T09:31:44","guid":{"rendered":"https:\/\/www.radiomarket.fi\/tuote\/ekua5483x-tuntematon\/"},"modified":"2025-03-23T10:20:50","modified_gmt":"2025-03-23T08:20:50","slug":"ekua5483x-puhelinpistorasia","status":"publish","type":"product","link":"https:\/\/www.radiomarket.fi\/en\/kohde\/ekua5483x-puhelinpistorasia\/","title":{"rendered":"EKUA5483x puhelinpistorasia k\u00e4ytetty, hinta yhdelt\u00e4 (EKUM)"},"content":{"rendered":"<p>Luonnonvalkoisia, muovisia puhelinpistorasioita pinta-asennukseen. K\u00e4ytettyj\u00e4, johtokolo avattu kuoreen.<\/p>","protected":false},"excerpt":{"rendered":"<p>Luonnonvalkoisia, muovisia puhelinpistorasioita pinta-asennukseen. K\u00e4ytettyj\u00e4, johtokolo avattu kuoreen.<\/p>","protected":false},"featured_media":6660,"template":"","meta":[],"_links":{"self":[{"href":"https:\/\/www.radiomarket.fi\/en\/wp-json\/wp\/v2\/product\/22970"}],"collection":[{"href":"https:\/\/www.radiomarket.fi\/en\/wp-json\/wp\/v2\/product"}],"about":[{"href":"https:\/\/www.radiomarket.fi\/en\/wp-json\/wp\/v2\/types\/product"}],"wp:featuredmedia":[{"embeddable":true,"href":"https:\/\/www.radiomarket.fi\/en\/wp-json\/wp\/v2\/media\/6660"}],"wp:attachment":[{"href":"https:\/\/www.radiomarket.fi\/en\/wp-json\/wp\/v2\/media?parent=22970"}],"curies":[{"name":"wp","href":"https:\/\/api.w.org\/{rel}","templated":true}]}}