{"id":22988,"date":"2020-10-05T11:31:50","date_gmt":"2020-10-05T08:31:50","guid":{"rendered":"https:\/\/www.radiomarket.fi\/tuote\/ekua5467-siemens-s-22-gw\/"},"modified":"2023-01-12T22:49:34","modified_gmt":"2023-01-12T20:49:34","slug":"ekua5467-siemens-s-22-gw","status":"publish","type":"product","link":"https:\/\/www.radiomarket.fi\/en\/kohde\/ekua5467-siemens-s-22-gw\/","title":{"rendered":"EKUA5467 Siemens S 22 GW (EKUM)"},"content":{"rendered":"<p>Musta, Valkoista teksti\u00e4<\/p>","protected":false},"excerpt":{"rendered":"<p>Suosittelemme asteikkolaseille s\u00e4rkyv\u00e4-lis\u00e4palvelua (ostettavissa tuotteena)<\/p>","protected":false},"featured_media":3546,"template":"","meta":[],"_links":{"self":[{"href":"https:\/\/www.radiomarket.fi\/en\/wp-json\/wp\/v2\/product\/22988"}],"collection":[{"href":"https:\/\/www.radiomarket.fi\/en\/wp-json\/wp\/v2\/product"}],"about":[{"href":"https:\/\/www.radiomarket.fi\/en\/wp-json\/wp\/v2\/types\/product"}],"wp:featuredmedia":[{"embeddable":true,"href":"https:\/\/www.radiomarket.fi\/en\/wp-json\/wp\/v2\/media\/3546"}],"wp:attachment":[{"href":"https:\/\/www.radiomarket.fi\/en\/wp-json\/wp\/v2\/media?parent=22988"}],"curies":[{"name":"wp","href":"https:\/\/api.w.org\/{rel}","templated":true}]}}