{"id":23007,"date":"2020-10-05T11:31:58","date_gmt":"2020-10-05T08:31:58","guid":{"rendered":"https:\/\/www.radiomarket.fi\/tuote\/ekua5445-nokia-autopuhelin\/"},"modified":"2020-10-05T11:31:58","modified_gmt":"2020-10-05T08:31:58","slug":"ekua5445-nokia-autopuhelin","status":"publish","type":"product","link":"https:\/\/www.radiomarket.fi\/en\/kohde\/ekua5445-nokia-autopuhelin\/","title":{"rendered":"EKUA5445 Nokia Autopuhelin?"},"content":{"rendered":"Luultavasti Nokia autopuhelimen kiinnikkeit\u00e4. Mustaksi maalattua metallia. Kaksi kappaletta, joista toinen n\u00e4ht\u00e4v\u00e4sti luurille.","protected":false},"excerpt":{"rendered":"<p>Luultavasti Nokia autopuhelimen kiinnikkeit\u00e4. Mustaksi maalattua metallia. Kaksi kappaletta, joista toinen n\u00e4ht\u00e4v\u00e4sti luurille.<\/p>","protected":false},"featured_media":6588,"template":"","meta":[],"_links":{"self":[{"href":"https:\/\/www.radiomarket.fi\/en\/wp-json\/wp\/v2\/product\/23007"}],"collection":[{"href":"https:\/\/www.radiomarket.fi\/en\/wp-json\/wp\/v2\/product"}],"about":[{"href":"https:\/\/www.radiomarket.fi\/en\/wp-json\/wp\/v2\/types\/product"}],"wp:featuredmedia":[{"embeddable":true,"href":"https:\/\/www.radiomarket.fi\/en\/wp-json\/wp\/v2\/media\/6588"}],"wp:attachment":[{"href":"https:\/\/www.radiomarket.fi\/en\/wp-json\/wp\/v2\/media?parent=23007"}],"curies":[{"name":"wp","href":"https:\/\/api.w.org\/{rel}","templated":true}]}}