{"id":23008,"date":"2020-10-05T11:31:59","date_gmt":"2020-10-05T08:31:59","guid":{"rendered":"https:\/\/www.radiomarket.fi\/tuote\/ekua5444-salora-automatic\/"},"modified":"2020-10-05T11:31:59","modified_gmt":"2020-10-05T08:31:59","slug":"ekua5444-salora-automatic","status":"publish","type":"product","link":"https:\/\/www.radiomarket.fi\/en\/kohde\/ekua5444-salora-automatic\/","title":{"rendered":"EKUA5444 Salora Automatic"},"content":{"rendered":"Autoradiosta? Muovinen musta\/hopenv\u00e4rinen suorakaiteen muoitinen keskelt\u00e4 avoin, kehysm\u00e4inen osa, jossa takana nelj\u00e4 tappia kiinnittymist\u00e4 varten.","protected":false},"excerpt":{"rendered":"<p>Autoradiosta? Muovinen musta\/hopenv\u00e4rinen suorakaiteen muoitinen keskelt\u00e4 avoin, kehysm\u00e4inen osa, jossa takana nelj\u00e4 tappia kiinnittymist\u00e4 varten.<\/p>","protected":false},"featured_media":6587,"template":"","meta":[],"_links":{"self":[{"href":"https:\/\/www.radiomarket.fi\/en\/wp-json\/wp\/v2\/product\/23008"}],"collection":[{"href":"https:\/\/www.radiomarket.fi\/en\/wp-json\/wp\/v2\/product"}],"about":[{"href":"https:\/\/www.radiomarket.fi\/en\/wp-json\/wp\/v2\/types\/product"}],"wp:featuredmedia":[{"embeddable":true,"href":"https:\/\/www.radiomarket.fi\/en\/wp-json\/wp\/v2\/media\/6587"}],"wp:attachment":[{"href":"https:\/\/www.radiomarket.fi\/en\/wp-json\/wp\/v2\/media?parent=23008"}],"curies":[{"name":"wp","href":"https:\/\/api.w.org\/{rel}","templated":true}]}}