{"id":23012,"date":"2020-10-05T11:32:00","date_gmt":"2020-10-05T08:32:00","guid":{"rendered":"https:\/\/www.radiomarket.fi\/tuote\/ekua5440-clarion-785\/"},"modified":"2020-10-05T11:32:00","modified_gmt":"2020-10-05T08:32:00","slug":"ekua5440-clarion-785","status":"publish","type":"product","link":"https:\/\/www.radiomarket.fi\/en\/kohde\/ekua5440-clarion-785\/","title":{"rendered":"EKUA5440 Clarion 785"},"content":{"rendered":"Hopeanv\u00e4rinen kuori, jossa musta asteikko, ruuvinrei\u00e4t ja koloja n\u00e4pp\u00e4imi\u00e4 varten.","protected":false},"excerpt":{"rendered":"<p>Hopeanv\u00e4rinen kuori, jossa musta asteikko, ruuvinrei\u00e4t ja koloja n\u00e4pp\u00e4imi\u00e4 varten.<\/p>","protected":false},"featured_media":6583,"template":"","meta":[],"_links":{"self":[{"href":"https:\/\/www.radiomarket.fi\/en\/wp-json\/wp\/v2\/product\/23012"}],"collection":[{"href":"https:\/\/www.radiomarket.fi\/en\/wp-json\/wp\/v2\/product"}],"about":[{"href":"https:\/\/www.radiomarket.fi\/en\/wp-json\/wp\/v2\/types\/product"}],"wp:featuredmedia":[{"embeddable":true,"href":"https:\/\/www.radiomarket.fi\/en\/wp-json\/wp\/v2\/media\/6583"}],"wp:attachment":[{"href":"https:\/\/www.radiomarket.fi\/en\/wp-json\/wp\/v2\/media?parent=23012"}],"curies":[{"name":"wp","href":"https:\/\/api.w.org\/{rel}","templated":true}]}}