{"id":23033,"date":"2020-10-05T11:32:08","date_gmt":"2020-10-05T08:32:08","guid":{"rendered":"https:\/\/www.radiomarket.fi\/tuote\/ekua5409-philips-asteikkolasi\/"},"modified":"2022-12-29T11:15:05","modified_gmt":"2022-12-29T09:15:05","slug":"ekua5409-philips-asteikkolasi","status":"publish","type":"product","link":"https:\/\/www.radiomarket.fi\/en\/kohde\/ekua5409-philips-asteikkolasi\/","title":{"rendered":"EKUA5409 Philips hollantilainen asteikkolasi (EKUM)"},"content":{"rendered":"<p>L\u00e4pin\u00e4kyv\u00e4, Valkoista teksti\u00e4<\/p>","protected":false},"excerpt":{"rendered":"<p>L\u00e4pin\u00e4kyv\u00e4, Valkoista teksti\u00e4<\/p>","protected":false},"featured_media":6557,"template":"","meta":[],"_links":{"self":[{"href":"https:\/\/www.radiomarket.fi\/en\/wp-json\/wp\/v2\/product\/23033"}],"collection":[{"href":"https:\/\/www.radiomarket.fi\/en\/wp-json\/wp\/v2\/product"}],"about":[{"href":"https:\/\/www.radiomarket.fi\/en\/wp-json\/wp\/v2\/types\/product"}],"wp:featuredmedia":[{"embeddable":true,"href":"https:\/\/www.radiomarket.fi\/en\/wp-json\/wp\/v2\/media\/6557"}],"wp:attachment":[{"href":"https:\/\/www.radiomarket.fi\/en\/wp-json\/wp\/v2\/media?parent=23033"}],"curies":[{"name":"wp","href":"https:\/\/api.w.org\/{rel}","templated":true}]}}