{"id":23034,"date":"2020-10-05T11:32:09","date_gmt":"2020-10-05T08:32:09","guid":{"rendered":"https:\/\/www.radiomarket.fi\/tuote\/ekua5408-fenno-x-51516\/"},"modified":"2022-12-29T08:30:16","modified_gmt":"2022-12-29T06:30:16","slug":"ekua5408-fenno-x-51516","status":"publish","type":"product","link":"https:\/\/www.radiomarket.fi\/en\/kohde\/ekua5408-fenno-x-51516\/","title":{"rendered":"EKUA5408 Fenno ..X 51516 (EKUM)"},"content":{"rendered":"<p>L\u00e4pin\u00e4kyv\u00e4, Moniv\u00e4rist\u00e4 teksti\u00e4.<\/p>","protected":false},"excerpt":{"rendered":"<p>L\u00e4pin\u00e4kyv\u00e4, Moniv\u00e4rist\u00e4 teksti\u00e4.<\/p>","protected":false},"featured_media":3531,"template":"","meta":[],"_links":{"self":[{"href":"https:\/\/www.radiomarket.fi\/en\/wp-json\/wp\/v2\/product\/23034"}],"collection":[{"href":"https:\/\/www.radiomarket.fi\/en\/wp-json\/wp\/v2\/product"}],"about":[{"href":"https:\/\/www.radiomarket.fi\/en\/wp-json\/wp\/v2\/types\/product"}],"wp:featuredmedia":[{"embeddable":true,"href":"https:\/\/www.radiomarket.fi\/en\/wp-json\/wp\/v2\/media\/3531"}],"wp:attachment":[{"href":"https:\/\/www.radiomarket.fi\/en\/wp-json\/wp\/v2\/media?parent=23034"}],"curies":[{"name":"wp","href":"https:\/\/api.w.org\/{rel}","templated":true}]}}