{"id":23036,"date":"2020-10-05T11:32:10","date_gmt":"2020-10-05T08:32:10","guid":{"rendered":"https:\/\/www.radiomarket.fi\/tuote\/ekua5406-helvar-asteikkolasi\/"},"modified":"2022-12-28T16:30:07","modified_gmt":"2022-12-28T14:30:07","slug":"ekua5406-helvar-asteikkolasi","status":"publish","type":"product","link":"https:\/\/www.radiomarket.fi\/en\/kohde\/ekua5406-helvar-asteikkolasi\/","title":{"rendered":"EKUA5406 Helvar Asteikkolasi (EKUM)"},"content":{"rendered":"<p>L\u00e4pin\u00e4kyv\u00e4, Mustaa teksti\u00e4<\/p>","protected":false},"excerpt":{"rendered":"<p>L\u00e4pin\u00e4kyv\u00e4, Mustaa teksti\u00e4<\/p>","protected":false},"featured_media":6552,"template":"","meta":[],"_links":{"self":[{"href":"https:\/\/www.radiomarket.fi\/en\/wp-json\/wp\/v2\/product\/23036"}],"collection":[{"href":"https:\/\/www.radiomarket.fi\/en\/wp-json\/wp\/v2\/product"}],"about":[{"href":"https:\/\/www.radiomarket.fi\/en\/wp-json\/wp\/v2\/types\/product"}],"wp:featuredmedia":[{"embeddable":true,"href":"https:\/\/www.radiomarket.fi\/en\/wp-json\/wp\/v2\/media\/6552"}],"wp:attachment":[{"href":"https:\/\/www.radiomarket.fi\/en\/wp-json\/wp\/v2\/media?parent=23036"}],"curies":[{"name":"wp","href":"https:\/\/api.w.org\/{rel}","templated":true}]}}