{"id":23045,"date":"2020-10-05T11:32:14","date_gmt":"2020-10-05T08:32:14","guid":{"rendered":"https:\/\/www.radiomarket.fi\/tuote\/ekua5395-hellberg-asteikkolasi\/"},"modified":"2023-02-21T23:09:45","modified_gmt":"2023-02-21T21:09:45","slug":"ekua5395-hellberg-asteikkolasi","status":"publish","type":"product","link":"https:\/\/www.radiomarket.fi\/en\/kohde\/ekua5395-hellberg-asteikkolasi\/","title":{"rendered":"EKUA5395 Hellberg Asteikkolasi (EKUM)"},"content":{"rendered":"<p>L\u00e4pin\u00e4kyv\u00e4, Moniv\u00e4rist\u00e4 teksti\u00e4. Pieni\u00e4 halkeamia.<\/p>","protected":false},"excerpt":{"rendered":"<p>L\u00e4pin\u00e4kyv\u00e4, Moniv\u00e4rist\u00e4 teksti\u00e4. Pieni\u00e4 halkeamia.<\/p>","protected":false},"featured_media":36315,"template":"","meta":[],"_links":{"self":[{"href":"https:\/\/www.radiomarket.fi\/en\/wp-json\/wp\/v2\/product\/23045"}],"collection":[{"href":"https:\/\/www.radiomarket.fi\/en\/wp-json\/wp\/v2\/product"}],"about":[{"href":"https:\/\/www.radiomarket.fi\/en\/wp-json\/wp\/v2\/types\/product"}],"wp:featuredmedia":[{"embeddable":true,"href":"https:\/\/www.radiomarket.fi\/en\/wp-json\/wp\/v2\/media\/36315"}],"wp:attachment":[{"href":"https:\/\/www.radiomarket.fi\/en\/wp-json\/wp\/v2\/media?parent=23045"}],"curies":[{"name":"wp","href":"https:\/\/api.w.org\/{rel}","templated":true}]}}