{"id":23115,"date":"2020-10-05T11:32:44","date_gmt":"2020-10-05T08:32:44","guid":{"rendered":"https:\/\/www.radiomarket.fi\/tuote\/ekua5273-ss-kondensaattori\/"},"modified":"2024-02-28T18:03:22","modified_gmt":"2024-02-28T16:03:22","slug":"ekua5273-ss-kondensaattori","status":"publish","type":"product","link":"https:\/\/www.radiomarket.fi\/en\/kohde\/ekua5273-ss-kondensaattori\/","title":{"rendered":"EKUA5273 S&amp;S Kondensaattori (EKUS)"},"content":{"rendered":"<p>Py\u00f6re\u00e4. Mustaa bakeliittia. Metallisessa korvakkeessa molemmissa merkint\u00e4 &#8220;90&#8221;.<\/p>","protected":false},"excerpt":{"rendered":"<p>Py\u00f6re\u00e4. Mustaa bakeliittia. Metallisessa korvakkeessa molemmissa merkint\u00e4 &#8220;90&#8221;.<\/p>","protected":false},"featured_media":45542,"template":"","meta":[],"_links":{"self":[{"href":"https:\/\/www.radiomarket.fi\/en\/wp-json\/wp\/v2\/product\/23115"}],"collection":[{"href":"https:\/\/www.radiomarket.fi\/en\/wp-json\/wp\/v2\/product"}],"about":[{"href":"https:\/\/www.radiomarket.fi\/en\/wp-json\/wp\/v2\/types\/product"}],"wp:featuredmedia":[{"embeddable":true,"href":"https:\/\/www.radiomarket.fi\/en\/wp-json\/wp\/v2\/media\/45542"}],"wp:attachment":[{"href":"https:\/\/www.radiomarket.fi\/en\/wp-json\/wp\/v2\/media?parent=23115"}],"curies":[{"name":"wp","href":"https:\/\/api.w.org\/{rel}","templated":true}]}}