{"id":23116,"date":"2020-10-05T11:32:44","date_gmt":"2020-10-05T08:32:44","guid":{"rendered":"https:\/\/www.radiomarket.fi\/tuote\/ekua5271-euromatic-ecr-26c\/"},"modified":"2020-10-05T11:32:44","modified_gmt":"2020-10-05T08:32:44","slug":"ekua5271-euromatic-ecr-26c","status":"publish","type":"product","link":"https:\/\/www.radiomarket.fi\/en\/kohde\/ekua5271-euromatic-ecr-26c\/","title":{"rendered":"EKUA5271 Euromatic ECR-26C"},"content":{"rendered":"Valkoinen muovikuorinen laite, jossa p\u00e4\u00e4ll\u00e4 vasemmalla kasettipes\u00e4, sen rinnalla oikealla kaiutin. Kasettipes\u00e4n alapuolella kuusi harmaata painonappia, niiden rinnalla oikealla her\u00e4tykseen liittyv\u00e4t harmaat liukuvat nappulat. Etureunassa vasemmalla digitaalinen n\u00e4ytt\u00f6 ja oikealla vaaka-asteikko. FM 88-108 MHz. AM 540-1600KHz.","protected":false},"excerpt":{"rendered":"<p>Valkoinen muovikuorinen laite, jossa p\u00e4\u00e4ll\u00e4 vasemmalla kasettipes\u00e4, sen rinnalla oikealla kaiutin. Kasettipes\u00e4n alapuolella kuusi harmaata painonappia, niiden rinnalla oikealla her\u00e4tykseen liittyv\u00e4t harmaat liukuvat nappulat. Etureunassa vasemmalla digitaalinen n\u00e4ytt\u00f6 ja oikealla vaaka-asteikko. FM 88-108 MHz. AM 540-1600KHz.<\/p>","protected":false},"featured_media":6439,"template":"","meta":[],"_links":{"self":[{"href":"https:\/\/www.radiomarket.fi\/en\/wp-json\/wp\/v2\/product\/23116"}],"collection":[{"href":"https:\/\/www.radiomarket.fi\/en\/wp-json\/wp\/v2\/product"}],"about":[{"href":"https:\/\/www.radiomarket.fi\/en\/wp-json\/wp\/v2\/types\/product"}],"wp:featuredmedia":[{"embeddable":true,"href":"https:\/\/www.radiomarket.fi\/en\/wp-json\/wp\/v2\/media\/6439"}],"wp:attachment":[{"href":"https:\/\/www.radiomarket.fi\/en\/wp-json\/wp\/v2\/media?parent=23116"}],"curies":[{"name":"wp","href":"https:\/\/api.w.org\/{rel}","templated":true}]}}