{"id":23120,"date":"2020-10-05T11:32:46","date_gmt":"2020-10-05T08:32:46","guid":{"rendered":"https:\/\/www.radiomarket.fi\/tuote\/ekua5266-olavi-rasanen-acoustic-sound-system-or317\/"},"modified":"2022-10-22T07:56:29","modified_gmt":"2022-10-22T04:56:29","slug":"ekua5266-olavi-rasanen-acoustic-sound-system-or317","status":"publish","type":"product","link":"https:\/\/www.radiomarket.fi\/en\/kohde\/ekua5266-olavi-rasanen-acoustic-sound-system-or317\/","title":{"rendered":"EKUA5266 Olavi R\u00e4s\u00e4nen Acoustic Sound System OR317"},"content":{"rendered":"Tummanruskea puukehikkoon kiinnitetty kangas. Edess\u00e4 vasemmalla ylh\u00e4\u00e4ll\u00e4 liimattu merkki, jossa teksti \u201dOR Acoustic Sound System\u201d.","protected":false},"excerpt":{"rendered":"<p>Tummanruskea puukehikkoon kiinnitetty kangas. Edess\u00e4 vasemmalla ylh\u00e4\u00e4ll\u00e4 liimattu merkki, jossa teksti \u201dOR Acoustic Sound System\u201d.<\/p>","protected":false},"featured_media":6431,"template":"","meta":[],"_links":{"self":[{"href":"https:\/\/www.radiomarket.fi\/en\/wp-json\/wp\/v2\/product\/23120"}],"collection":[{"href":"https:\/\/www.radiomarket.fi\/en\/wp-json\/wp\/v2\/product"}],"about":[{"href":"https:\/\/www.radiomarket.fi\/en\/wp-json\/wp\/v2\/types\/product"}],"wp:featuredmedia":[{"embeddable":true,"href":"https:\/\/www.radiomarket.fi\/en\/wp-json\/wp\/v2\/media\/6431"}],"wp:attachment":[{"href":"https:\/\/www.radiomarket.fi\/en\/wp-json\/wp\/v2\/media?parent=23120"}],"curies":[{"name":"wp","href":"https:\/\/api.w.org\/{rel}","templated":true}]}}