{"id":23129,"date":"2024-09-03T11:32:49","date_gmt":"2024-09-03T08:32:49","guid":{"rendered":"https:\/\/www.radiomarket.fi\/tuote\/ekua5257-philips-asavisio-aw-59-90\/"},"modified":"2024-09-03T14:33:41","modified_gmt":"2024-09-03T11:33:41","slug":"ekua5257-philips-asavisio-aw-59-90","status":"publish","type":"product","link":"https:\/\/www.radiomarket.fi\/en\/kohde\/ekua5257-philips-asavisio-aw-59-90\/","title":{"rendered":"EKUA5257 Philips Asavisio AW 59-90 nuppi (EKUM)"},"content":{"rendered":"<p>Kaksi vaaleanharmaat py\u00f6re\u00e4\u00e4, muovista nuppia, joissa uurteiset sivut.<\/p>","protected":false},"excerpt":{"rendered":"<p>Kirjetoimitustuotteita kannattaa ostaa useampia kerralla, kukin kirjetoimitettava lis\u00e4tuote ostoskorissa nostaa kirjetoimituksen perusmaksua vain \u20ac0,10 (tilanne 9\/2024).<\/p>","protected":false},"featured_media":6422,"template":"","meta":[],"_links":{"self":[{"href":"https:\/\/www.radiomarket.fi\/en\/wp-json\/wp\/v2\/product\/23129"}],"collection":[{"href":"https:\/\/www.radiomarket.fi\/en\/wp-json\/wp\/v2\/product"}],"about":[{"href":"https:\/\/www.radiomarket.fi\/en\/wp-json\/wp\/v2\/types\/product"}],"wp:featuredmedia":[{"embeddable":true,"href":"https:\/\/www.radiomarket.fi\/en\/wp-json\/wp\/v2\/media\/6422"}],"wp:attachment":[{"href":"https:\/\/www.radiomarket.fi\/en\/wp-json\/wp\/v2\/media?parent=23129"}],"curies":[{"name":"wp","href":"https:\/\/api.w.org\/{rel}","templated":true}]}}