{"id":23132,"date":"2020-10-05T11:32:50","date_gmt":"2020-10-05T08:32:50","guid":{"rendered":"https:\/\/www.radiomarket.fi\/tuote\/ekua5254-asa-asavisio-aw-59-90\/"},"modified":"2020-10-05T11:32:50","modified_gmt":"2020-10-05T08:32:50","slug":"ekua5254-asa-asavisio-aw-59-90","status":"publish","type":"product","link":"https:\/\/www.radiomarket.fi\/en\/kohde\/ekua5254-asa-asavisio-aw-59-90\/","title":{"rendered":"EKUA5254 Asa Asavisio AW 59-90"},"content":{"rendered":"Tummanruskea, py\u00f6re\u00e4 muovinuppi, jossa reunassa kullanv\u00e4rinen numerointi 1-12.","protected":false},"excerpt":{"rendered":"<p>Tummanruskea, py\u00f6re\u00e4 muovinuppi, jossa reunassa kullanv\u00e4rinen numerointi 1-12.<\/p>","protected":false},"featured_media":6419,"template":"","meta":[],"_links":{"self":[{"href":"https:\/\/www.radiomarket.fi\/en\/wp-json\/wp\/v2\/product\/23132"}],"collection":[{"href":"https:\/\/www.radiomarket.fi\/en\/wp-json\/wp\/v2\/product"}],"about":[{"href":"https:\/\/www.radiomarket.fi\/en\/wp-json\/wp\/v2\/types\/product"}],"wp:featuredmedia":[{"embeddable":true,"href":"https:\/\/www.radiomarket.fi\/en\/wp-json\/wp\/v2\/media\/6419"}],"wp:attachment":[{"href":"https:\/\/www.radiomarket.fi\/en\/wp-json\/wp\/v2\/media?parent=23132"}],"curies":[{"name":"wp","href":"https:\/\/api.w.org\/{rel}","templated":true}]}}