{"id":23154,"date":"2020-10-05T11:32:58","date_gmt":"2020-10-05T08:32:58","guid":{"rendered":"https:\/\/www.radiomarket.fi\/tuote\/ekua5230-celeston-celerama-23-twincombi-2000-tl-2367\/"},"modified":"2024-03-21T14:21:23","modified_gmt":"2024-03-21T12:21:23","slug":"ekua5230-celeston-celerama-23-twincombi-2000-tl-2367","status":"publish","type":"product","link":"https:\/\/www.radiomarket.fi\/en\/kohde\/ekua5230-celeston-celerama-23-twincombi-2000-tl-2367\/","title":{"rendered":"EKUA5230 Celeston Celerama 23 TwinCombi 2000 TL 2367"},"content":{"rendered":"<p>Beigen v\u00e4rinen s\u00e4leikk\u00f6inen sivulevy.<\/p>","protected":false},"excerpt":{"rendered":"<p>Beigen v\u00e4rinen s\u00e4leikk\u00f6inen sivulevy.<\/p>","protected":false},"featured_media":6387,"template":"","meta":[],"_links":{"self":[{"href":"https:\/\/www.radiomarket.fi\/en\/wp-json\/wp\/v2\/product\/23154"}],"collection":[{"href":"https:\/\/www.radiomarket.fi\/en\/wp-json\/wp\/v2\/product"}],"about":[{"href":"https:\/\/www.radiomarket.fi\/en\/wp-json\/wp\/v2\/types\/product"}],"wp:featuredmedia":[{"embeddable":true,"href":"https:\/\/www.radiomarket.fi\/en\/wp-json\/wp\/v2\/media\/6387"}],"wp:attachment":[{"href":"https:\/\/www.radiomarket.fi\/en\/wp-json\/wp\/v2\/media?parent=23154"}],"curies":[{"name":"wp","href":"https:\/\/api.w.org\/{rel}","templated":true}]}}