{"id":23160,"date":"2020-10-05T11:33:00","date_gmt":"2020-10-05T08:33:00","guid":{"rendered":"https:\/\/www.radiomarket.fi\/tuote\/ekua5224-blaupunkt-72-201\/"},"modified":"2020-10-05T11:33:00","modified_gmt":"2020-10-05T08:33:00","slug":"ekua5224-blaupunkt-72-201","status":"publish","type":"product","link":"https:\/\/www.radiomarket.fi\/en\/kohde\/ekua5224-blaupunkt-72-201\/","title":{"rendered":"EKUA5224 Blaupunkt 72.201"},"content":{"rendered":"Ritil\u00e4m\u00e4inen sivulevy beige\u00e4 muovia.","protected":false},"excerpt":{"rendered":"<p>Ritil\u00e4m\u00e4inen sivulevy beige\u00e4 muovia.<\/p>","protected":false},"featured_media":6381,"template":"","meta":[],"_links":{"self":[{"href":"https:\/\/www.radiomarket.fi\/en\/wp-json\/wp\/v2\/product\/23160"}],"collection":[{"href":"https:\/\/www.radiomarket.fi\/en\/wp-json\/wp\/v2\/product"}],"about":[{"href":"https:\/\/www.radiomarket.fi\/en\/wp-json\/wp\/v2\/types\/product"}],"wp:featuredmedia":[{"embeddable":true,"href":"https:\/\/www.radiomarket.fi\/en\/wp-json\/wp\/v2\/media\/6381"}],"wp:attachment":[{"href":"https:\/\/www.radiomarket.fi\/en\/wp-json\/wp\/v2\/media?parent=23160"}],"curies":[{"name":"wp","href":"https:\/\/api.w.org\/{rel}","templated":true}]}}