{"id":23167,"date":"2020-10-05T11:33:02","date_gmt":"2020-10-05T08:33:02","guid":{"rendered":"https:\/\/www.radiomarket.fi\/tuote\/ekua5217-luma-lt-24h24-73gbko\/"},"modified":"2020-10-05T11:33:02","modified_gmt":"2020-10-05T08:33:02","slug":"ekua5217-luma-lt-24h24-73gbko","status":"publish","type":"product","link":"https:\/\/www.radiomarket.fi\/en\/kohde\/ekua5217-luma-lt-24h24-73gbko\/","title":{"rendered":"EKUA5217 Luma LT 24H24;  73GBKO"},"content":{"rendered":"Nelj\u00e4 py\u00f6re\u00e4\u00e4 mustaa muovista nuppi, joissa hopeanv\u00e4riset p\u00e4\u00e4t ja uurteiset sivut.","protected":false},"excerpt":{"rendered":"<p>Nelj\u00e4 py\u00f6re\u00e4\u00e4 mustaa muovista nuppi, joissa hopeanv\u00e4riset p\u00e4\u00e4t ja uurteiset sivut.<\/p>","protected":false},"featured_media":6374,"template":"","meta":[],"_links":{"self":[{"href":"https:\/\/www.radiomarket.fi\/en\/wp-json\/wp\/v2\/product\/23167"}],"collection":[{"href":"https:\/\/www.radiomarket.fi\/en\/wp-json\/wp\/v2\/product"}],"about":[{"href":"https:\/\/www.radiomarket.fi\/en\/wp-json\/wp\/v2\/types\/product"}],"wp:featuredmedia":[{"embeddable":true,"href":"https:\/\/www.radiomarket.fi\/en\/wp-json\/wp\/v2\/media\/6374"}],"wp:attachment":[{"href":"https:\/\/www.radiomarket.fi\/en\/wp-json\/wp\/v2\/media?parent=23167"}],"curies":[{"name":"wp","href":"https:\/\/api.w.org\/{rel}","templated":true}]}}