{"id":23171,"date":"2020-10-05T11:33:03","date_gmt":"2020-10-05T08:33:03","guid":{"rendered":"https:\/\/www.radiomarket.fi\/tuote\/ekua5213-philips-hi-fi\/"},"modified":"2022-07-29T15:38:17","modified_gmt":"2022-07-29T12:38:17","slug":"ekua5213-philips-hi-fi","status":"publish","type":"product","link":"https:\/\/www.radiomarket.fi\/en\/kohde\/ekua5213-philips-hi-fi\/","title":{"rendered":"EKUA5213 Philips -logo (Philips Hi-fi) (EKUS)"},"content":{"rendered":"<p>Mustataustainen piikein kiinnitett\u00e4v\u00e4 merkki, jossa hopeanv\u00e4rinen teksti \u201dPHILIPS\u201d.<\/p>","protected":false},"excerpt":{"rendered":"<p>Mustataustainen piikein kiinnitett\u00e4v\u00e4 merkki, jossa hopeanv\u00e4rinen teksti \u201dPHILIPS\u201d.<\/p>","protected":false},"featured_media":6370,"template":"","meta":[],"_links":{"self":[{"href":"https:\/\/www.radiomarket.fi\/en\/wp-json\/wp\/v2\/product\/23171"}],"collection":[{"href":"https:\/\/www.radiomarket.fi\/en\/wp-json\/wp\/v2\/product"}],"about":[{"href":"https:\/\/www.radiomarket.fi\/en\/wp-json\/wp\/v2\/types\/product"}],"wp:featuredmedia":[{"embeddable":true,"href":"https:\/\/www.radiomarket.fi\/en\/wp-json\/wp\/v2\/media\/6370"}],"wp:attachment":[{"href":"https:\/\/www.radiomarket.fi\/en\/wp-json\/wp\/v2\/media?parent=23171"}],"curies":[{"name":"wp","href":"https:\/\/api.w.org\/{rel}","templated":true}]}}