{"id":23173,"date":"2020-10-05T11:33:04","date_gmt":"2020-10-05T08:33:04","guid":{"rendered":"https:\/\/www.radiomarket.fi\/tuote\/ekua5211-philips-hi-fi\/"},"modified":"2020-10-05T11:33:04","modified_gmt":"2020-10-05T08:33:04","slug":"ekua5211-philips-hi-fi","status":"publish","type":"product","link":"https:\/\/www.radiomarket.fi\/en\/kohde\/ekua5211-philips-hi-fi\/","title":{"rendered":"EKUA5211 Philips Hi-fi"},"content":{"rendered":"Muovinen puunsyyj\u00e4ljitelm\u00e4kuvioinen tummanruskea luukku.","protected":false},"excerpt":{"rendered":"<p>Muovinen puunsyyj\u00e4ljitelm\u00e4kuvioinen tummanruskea luukku.<\/p>","protected":false},"featured_media":6368,"template":"","meta":[],"_links":{"self":[{"href":"https:\/\/www.radiomarket.fi\/en\/wp-json\/wp\/v2\/product\/23173"}],"collection":[{"href":"https:\/\/www.radiomarket.fi\/en\/wp-json\/wp\/v2\/product"}],"about":[{"href":"https:\/\/www.radiomarket.fi\/en\/wp-json\/wp\/v2\/types\/product"}],"wp:featuredmedia":[{"embeddable":true,"href":"https:\/\/www.radiomarket.fi\/en\/wp-json\/wp\/v2\/media\/6368"}],"wp:attachment":[{"href":"https:\/\/www.radiomarket.fi\/en\/wp-json\/wp\/v2\/media?parent=23173"}],"curies":[{"name":"wp","href":"https:\/\/api.w.org\/{rel}","templated":true}]}}