{"id":23179,"date":"2024-09-03T11:33:06","date_gmt":"2024-09-03T08:33:06","guid":{"rendered":"https:\/\/www.radiomarket.fi\/tuote\/ekua5205-salora-1a46-viptronic\/"},"modified":"2024-09-03T14:15:57","modified_gmt":"2024-09-03T11:15:57","slug":"ekua5205-salora-1a46-viptronic","status":"publish","type":"product","link":"https:\/\/www.radiomarket.fi\/en\/kohde\/ekua5205-salora-1a46-viptronic\/","title":{"rendered":"EKUA5205 Salora 1A46 Viptronic (EKUS)"},"content":{"rendered":"<p>Seitsem\u00e4n mustaa muovista pitk\u00e4\u00e4 py\u00f6re\u00e4\u00e4 sile\u00e4\u00e4 nuppia, joista suurin osa piilossa laitteen sis\u00e4ll\u00e4.<\/p>","protected":false},"excerpt":{"rendered":"<p>Kirjetoimitustuotteita kannattaa ostaa useampia kerralla, kukin kirjetoimitettava lis\u00e4tuote ostoskorissa nostaa kirjetoimituksen perusmaksua vain \u20ac0,10 (tilanne 9\/2024).<\/p>","protected":false},"featured_media":6360,"template":"","meta":[],"_links":{"self":[{"href":"https:\/\/www.radiomarket.fi\/en\/wp-json\/wp\/v2\/product\/23179"}],"collection":[{"href":"https:\/\/www.radiomarket.fi\/en\/wp-json\/wp\/v2\/product"}],"about":[{"href":"https:\/\/www.radiomarket.fi\/en\/wp-json\/wp\/v2\/types\/product"}],"wp:featuredmedia":[{"embeddable":true,"href":"https:\/\/www.radiomarket.fi\/en\/wp-json\/wp\/v2\/media\/6360"}],"wp:attachment":[{"href":"https:\/\/www.radiomarket.fi\/en\/wp-json\/wp\/v2\/media?parent=23179"}],"curies":[{"name":"wp","href":"https:\/\/api.w.org\/{rel}","templated":true}]}}