{"id":23188,"date":"2020-10-05T11:33:10","date_gmt":"2020-10-05T08:33:10","guid":{"rendered":"https:\/\/www.radiomarket.fi\/tuote\/ekua5196-telefunken-fe-223-tk\/"},"modified":"2020-11-10T07:53:26","modified_gmt":"2020-11-10T05:53:26","slug":"ekua5196-telefunken-fe-223-tk","status":"publish","type":"product","link":"https:\/\/www.radiomarket.fi\/en\/kohde\/ekua5196-telefunken-fe-223-tk\/","title":{"rendered":"EKUA5196 Telefunken FE 223 TK"},"content":{"rendered":"Kaksi kellanharmaata pitk\u00e4\u00e4 ja kapeaa muovinuppia, jotka uurrettu sivuilta.","protected":false},"excerpt":{"rendered":"<p>Kaksi kellanharmaata pitk\u00e4\u00e4 ja kapeaa muovinuppia, jotka uurrettu sivuilta.<\/p>","protected":false},"featured_media":6348,"template":"","meta":[],"_links":{"self":[{"href":"https:\/\/www.radiomarket.fi\/en\/wp-json\/wp\/v2\/product\/23188"}],"collection":[{"href":"https:\/\/www.radiomarket.fi\/en\/wp-json\/wp\/v2\/product"}],"about":[{"href":"https:\/\/www.radiomarket.fi\/en\/wp-json\/wp\/v2\/types\/product"}],"wp:featuredmedia":[{"embeddable":true,"href":"https:\/\/www.radiomarket.fi\/en\/wp-json\/wp\/v2\/media\/6348"}],"wp:attachment":[{"href":"https:\/\/www.radiomarket.fi\/en\/wp-json\/wp\/v2\/media?parent=23188"}],"curies":[{"name":"wp","href":"https:\/\/api.w.org\/{rel}","templated":true}]}}