{"id":23189,"date":"2020-10-05T11:33:10","date_gmt":"2020-10-05T08:33:10","guid":{"rendered":"https:\/\/www.radiomarket.fi\/tuote\/ekua5195-telefunken-fe-223-tk\/"},"modified":"2020-11-10T07:54:24","modified_gmt":"2020-11-10T05:54:24","slug":"ekua5195-telefunken-fe-223-tk","status":"publish","type":"product","link":"https:\/\/www.radiomarket.fi\/en\/kohde\/ekua5195-telefunken-fe-223-tk\/","title":{"rendered":"EKUA5195 Telefunken FE 223 TK"},"content":{"rendered":"Kellanharmaa py\u00f6re\u00e4, matala muovinuppi televisiosta.","protected":false},"excerpt":{"rendered":"<p>Kellanharmaa py\u00f6re\u00e4, matala muovinuppi televisiosta.<\/p>","protected":false},"featured_media":3471,"template":"","meta":[],"_links":{"self":[{"href":"https:\/\/www.radiomarket.fi\/en\/wp-json\/wp\/v2\/product\/23189"}],"collection":[{"href":"https:\/\/www.radiomarket.fi\/en\/wp-json\/wp\/v2\/product"}],"about":[{"href":"https:\/\/www.radiomarket.fi\/en\/wp-json\/wp\/v2\/types\/product"}],"wp:featuredmedia":[{"embeddable":true,"href":"https:\/\/www.radiomarket.fi\/en\/wp-json\/wp\/v2\/media\/3471"}],"wp:attachment":[{"href":"https:\/\/www.radiomarket.fi\/en\/wp-json\/wp\/v2\/media?parent=23189"}],"curies":[{"name":"wp","href":"https:\/\/api.w.org\/{rel}","templated":true}]}}