{"id":23193,"date":"2020-10-05T11:33:11","date_gmt":"2020-10-05T08:33:11","guid":{"rendered":"https:\/\/www.radiomarket.fi\/tuote\/ekua5190-philipsfenno-fx-515-93\/"},"modified":"2021-05-16T21:44:28","modified_gmt":"2021-05-16T18:44:28","slug":"ekua5190-philips-373a-fenno-fx-515-93","status":"publish","type":"product","link":"https:\/\/www.radiomarket.fi\/en\/kohde\/ekua5190-philips-373a-fenno-fx-515-93\/","title":{"rendered":"EKUA5190 Philips 373A; Fenno FX 515 93"},"content":{"rendered":"<p>P\u00e4\u00e4ryn\u00e4nmallinen asteikkolevy, kompassiasteikolle<\/p>","protected":false},"excerpt":{"rendered":"<p>P\u00e4\u00e4ryn\u00e4nmallinen asteikkolevy, kompassiasteikolle<\/p>","protected":false},"featured_media":6340,"template":"","meta":[],"_links":{"self":[{"href":"https:\/\/www.radiomarket.fi\/en\/wp-json\/wp\/v2\/product\/23193"}],"collection":[{"href":"https:\/\/www.radiomarket.fi\/en\/wp-json\/wp\/v2\/product"}],"about":[{"href":"https:\/\/www.radiomarket.fi\/en\/wp-json\/wp\/v2\/types\/product"}],"wp:featuredmedia":[{"embeddable":true,"href":"https:\/\/www.radiomarket.fi\/en\/wp-json\/wp\/v2\/media\/6340"}],"wp:attachment":[{"href":"https:\/\/www.radiomarket.fi\/en\/wp-json\/wp\/v2\/media?parent=23193"}],"curies":[{"name":"wp","href":"https:\/\/api.w.org\/{rel}","templated":true}]}}