{"id":23202,"date":"2020-10-05T11:33:15","date_gmt":"2020-10-05T08:33:15","guid":{"rendered":"https:\/\/www.radiomarket.fi\/tuote\/ekua5180-siemens-m-55\/"},"modified":"2023-04-18T17:36:09","modified_gmt":"2023-04-18T14:36:09","slug":"ekua5180-siemens-m-55","status":"publish","type":"product","link":"https:\/\/www.radiomarket.fi\/en\/kohde\/ekua5180-siemens-m-55\/","title":{"rendered":"EKUA5180 Siemens M 55"},"content":{"rendered":"<p>Tummanharmaat\/ valkoiset muovikuoret, oranssit n\u00e4pp\u00e4imet. Ei n\u00e4kyv\u00e4\u00e4 antennia. Ei akkua mukana.<\/p>","protected":false},"excerpt":{"rendered":"<p>Tummanharmaat\/ valkoiset muovikuoret, oranssit n\u00e4pp\u00e4imet. Ei n\u00e4kyv\u00e4\u00e4 antennia. Ei akkua mukana.<\/p>","protected":false},"featured_media":6330,"template":"","meta":[],"_links":{"self":[{"href":"https:\/\/www.radiomarket.fi\/en\/wp-json\/wp\/v2\/product\/23202"}],"collection":[{"href":"https:\/\/www.radiomarket.fi\/en\/wp-json\/wp\/v2\/product"}],"about":[{"href":"https:\/\/www.radiomarket.fi\/en\/wp-json\/wp\/v2\/types\/product"}],"wp:featuredmedia":[{"embeddable":true,"href":"https:\/\/www.radiomarket.fi\/en\/wp-json\/wp\/v2\/media\/6330"}],"wp:attachment":[{"href":"https:\/\/www.radiomarket.fi\/en\/wp-json\/wp\/v2\/media?parent=23202"}],"curies":[{"name":"wp","href":"https:\/\/api.w.org\/{rel}","templated":true}]}}