{"id":23205,"date":"2020-10-05T11:33:16","date_gmt":"2020-10-05T08:33:16","guid":{"rendered":"https:\/\/www.radiomarket.fi\/tuote\/ekua5177-siemens-a-50\/"},"modified":"2023-04-18T17:36:30","modified_gmt":"2023-04-18T14:36:30","slug":"ekua5177-siemens-a-50","status":"publish","type":"product","link":"https:\/\/www.radiomarket.fi\/en\/kohde\/ekua5177-siemens-a-50\/","title":{"rendered":"EKUA5177 Siemens A 50"},"content":{"rendered":"<p>Tummansiniset\/ vaaleanharmaat muovikuoret, hopeanv\u00e4rinen n\u00e4yt\u00f6n kehys ja n\u00e4pp\u00e4imet. Ei n\u00e4kyv\u00e4\u00e4 antennia. Akku 3.7V\/ 650mAh, Kiina.<\/p>","protected":false},"excerpt":{"rendered":"<p>Tummansiniset\/ vaaleanharmaat muovikuoret, hopeanv\u00e4rinen n\u00e4yt\u00f6n kehys ja n\u00e4pp\u00e4imet. Ei n\u00e4kyv\u00e4\u00e4 antennia. Akku 3.7V\/ 650mAh, Kiina.<\/p>","protected":false},"featured_media":6327,"template":"","meta":[],"_links":{"self":[{"href":"https:\/\/www.radiomarket.fi\/en\/wp-json\/wp\/v2\/product\/23205"}],"collection":[{"href":"https:\/\/www.radiomarket.fi\/en\/wp-json\/wp\/v2\/product"}],"about":[{"href":"https:\/\/www.radiomarket.fi\/en\/wp-json\/wp\/v2\/types\/product"}],"wp:featuredmedia":[{"embeddable":true,"href":"https:\/\/www.radiomarket.fi\/en\/wp-json\/wp\/v2\/media\/6327"}],"wp:attachment":[{"href":"https:\/\/www.radiomarket.fi\/en\/wp-json\/wp\/v2\/media?parent=23205"}],"curies":[{"name":"wp","href":"https:\/\/api.w.org\/{rel}","templated":true}]}}