{"id":23208,"date":"2020-10-05T11:33:17","date_gmt":"2020-10-05T08:33:17","guid":{"rendered":"https:\/\/www.radiomarket.fi\/tuote\/ekua5174-siemens-c-60\/"},"modified":"2020-10-05T11:33:17","modified_gmt":"2020-10-05T08:33:17","slug":"ekua5174-siemens-c-60","status":"publish","type":"product","link":"https:\/\/www.radiomarket.fi\/en\/kohde\/ekua5174-siemens-c-60\/","title":{"rendered":"EKUA5174 Siemens C 60"},"content":{"rendered":"Vaaleansiniset\/ valkoiset muovikuoret, hopeanv\u00e4rinen n\u00e4yt\u00f6n kehys. Ei n\u00e4kyv\u00e4\u00e4 antennia. Akku Siemens 3.7V\/ 700mAh, Kiina.","protected":false},"excerpt":{"rendered":"<p>Vaaleansiniset\/ valkoiset muovikuoret, hopeanv\u00e4rinen n\u00e4yt\u00f6n kehys. Ei n\u00e4kyv\u00e4\u00e4 antennia. Akku Siemens 3.7V\/ 700mAh, Kiina.<\/p>","protected":false},"featured_media":6324,"template":"","meta":[],"_links":{"self":[{"href":"https:\/\/www.radiomarket.fi\/en\/wp-json\/wp\/v2\/product\/23208"}],"collection":[{"href":"https:\/\/www.radiomarket.fi\/en\/wp-json\/wp\/v2\/product"}],"about":[{"href":"https:\/\/www.radiomarket.fi\/en\/wp-json\/wp\/v2\/types\/product"}],"wp:featuredmedia":[{"embeddable":true,"href":"https:\/\/www.radiomarket.fi\/en\/wp-json\/wp\/v2\/media\/6324"}],"wp:attachment":[{"href":"https:\/\/www.radiomarket.fi\/en\/wp-json\/wp\/v2\/media?parent=23208"}],"curies":[{"name":"wp","href":"https:\/\/api.w.org\/{rel}","templated":true}]}}