{"id":23209,"date":"2020-10-05T11:33:17","date_gmt":"2020-10-05T08:33:17","guid":{"rendered":"https:\/\/www.radiomarket.fi\/tuote\/ekua5173-siemens-m-35i\/"},"modified":"2020-10-05T11:33:17","modified_gmt":"2020-10-05T08:33:17","slug":"ekua5173-siemens-m-35i","status":"publish","type":"product","link":"https:\/\/www.radiomarket.fi\/en\/kohde\/ekua5173-siemens-m-35i\/","title":{"rendered":"EKUA5173 Siemens M 35i"},"content":{"rendered":"Kirkkaankeltaiset\/ tummansiniset muovikuoret, musta takakuori. Ei n\u00e4kyv\u00e4\u00e4 antennia.","protected":false},"excerpt":{"rendered":"<p>Kirkkaankeltaiset\/ tummansiniset muovikuoret, musta takakuori. Ei n\u00e4kyv\u00e4\u00e4 antennia.<\/p>","protected":false},"featured_media":6323,"template":"","meta":[],"_links":{"self":[{"href":"https:\/\/www.radiomarket.fi\/en\/wp-json\/wp\/v2\/product\/23209"}],"collection":[{"href":"https:\/\/www.radiomarket.fi\/en\/wp-json\/wp\/v2\/product"}],"about":[{"href":"https:\/\/www.radiomarket.fi\/en\/wp-json\/wp\/v2\/types\/product"}],"wp:featuredmedia":[{"embeddable":true,"href":"https:\/\/www.radiomarket.fi\/en\/wp-json\/wp\/v2\/media\/6323"}],"wp:attachment":[{"href":"https:\/\/www.radiomarket.fi\/en\/wp-json\/wp\/v2\/media?parent=23209"}],"curies":[{"name":"wp","href":"https:\/\/api.w.org\/{rel}","templated":true}]}}