{"id":23210,"date":"2023-04-18T18:33:17","date_gmt":"2023-04-18T15:33:17","guid":{"rendered":"https:\/\/www.radiomarket.fi\/tuote\/ekua5172-nokia-6220-rh-20\/"},"modified":"2023-04-18T17:39:10","modified_gmt":"2023-04-18T14:39:10","slug":"ekua5172-nokia-6220-rh-20","status":"publish","type":"product","link":"https:\/\/www.radiomarket.fi\/en\/kohde\/ekua5172-nokia-6220-rh-20\/","title":{"rendered":"EKUA5172 Nokia 6220 RH-20 (EKUM)"},"content":{"rendered":"<p>Mustat\/ harmaat muovikuoret. Akku Nokia BLD-3; 3.7 V; Japani\/ Puola. Kamera. Ei n\u00e4kyv\u00e4\u00e4 antennia.<\/p><p>&nbsp;<\/p><p>Ei testattu eik\u00e4 tutkittu tarkemmin.<\/p>","protected":false},"excerpt":{"rendered":"<p>Mustat\/ harmaat muovikuoret. Akku Nokia BLD-3; 3.7 V; Japani\/ Puola. Kamera. Ei n\u00e4kyv\u00e4\u00e4 antennia.&nbsp;Ei testattu eik\u00e4 tutkittu tarkemmin.<\/p>","protected":false},"featured_media":39477,"template":"","meta":[],"_links":{"self":[{"href":"https:\/\/www.radiomarket.fi\/en\/wp-json\/wp\/v2\/product\/23210"}],"collection":[{"href":"https:\/\/www.radiomarket.fi\/en\/wp-json\/wp\/v2\/product"}],"about":[{"href":"https:\/\/www.radiomarket.fi\/en\/wp-json\/wp\/v2\/types\/product"}],"wp:featuredmedia":[{"embeddable":true,"href":"https:\/\/www.radiomarket.fi\/en\/wp-json\/wp\/v2\/media\/39477"}],"wp:attachment":[{"href":"https:\/\/www.radiomarket.fi\/en\/wp-json\/wp\/v2\/media?parent=23210"}],"curies":[{"name":"wp","href":"https:\/\/api.w.org\/{rel}","templated":true}]}}