{"id":23213,"date":"2020-10-05T11:33:18","date_gmt":"2020-10-05T08:33:18","guid":{"rendered":"https:\/\/www.radiomarket.fi\/tuote\/ekua5169-nokia-1100-rh-18\/"},"modified":"2020-10-05T11:33:18","modified_gmt":"2020-10-05T08:33:18","slug":"ekua5169-nokia-1100-rh-18","status":"publish","type":"product","link":"https:\/\/www.radiomarket.fi\/en\/kohde\/ekua5169-nokia-1100-rh-18\/","title":{"rendered":"EKUA5169 Nokia 1100 RH-18"},"content":{"rendered":"Harmaa\/ vaaleansininen muovikuorinen laite, jossa ei n\u00e4kyv\u00e4\u00e4 antennia.","protected":false},"excerpt":{"rendered":"<p>Harmaa\/ vaaleansininen muovikuorinen laite, jossa ei n\u00e4kyv\u00e4\u00e4 antennia.<\/p>","protected":false},"featured_media":6319,"template":"","meta":[],"_links":{"self":[{"href":"https:\/\/www.radiomarket.fi\/en\/wp-json\/wp\/v2\/product\/23213"}],"collection":[{"href":"https:\/\/www.radiomarket.fi\/en\/wp-json\/wp\/v2\/product"}],"about":[{"href":"https:\/\/www.radiomarket.fi\/en\/wp-json\/wp\/v2\/types\/product"}],"wp:featuredmedia":[{"embeddable":true,"href":"https:\/\/www.radiomarket.fi\/en\/wp-json\/wp\/v2\/media\/6319"}],"wp:attachment":[{"href":"https:\/\/www.radiomarket.fi\/en\/wp-json\/wp\/v2\/media?parent=23213"}],"curies":[{"name":"wp","href":"https:\/\/api.w.org\/{rel}","templated":true}]}}