{"id":23216,"date":"2020-10-05T11:33:20","date_gmt":"2020-10-05T08:33:20","guid":{"rendered":"https:\/\/www.radiomarket.fi\/tuote\/ekua5166-tuntematon-radiopuhelimen-asennusteline\/"},"modified":"2020-10-05T11:33:20","modified_gmt":"2020-10-05T08:33:20","slug":"ekua5166-tuntematon-radiopuhelimen-asennusteline","status":"publish","type":"product","link":"https:\/\/www.radiomarket.fi\/en\/kohde\/ekua5166-tuntematon-radiopuhelimen-asennusteline\/","title":{"rendered":"EKUA5166 Tuntematon Radiopuhelimen asennusteline"},"content":{"rendered":"Musta ja metallinen. Toisessa p\u00e4\u00e4ss\u00e4 kaksi hakasta, ja toisessa jousellinen kiristysnappi.","protected":false},"excerpt":{"rendered":"<p>Musta ja metallinen. Toisessa p\u00e4\u00e4ss\u00e4 kaksi hakasta, ja toisessa jousellinen kiristysnappi.<\/p>","protected":false},"featured_media":6316,"template":"","meta":[],"_links":{"self":[{"href":"https:\/\/www.radiomarket.fi\/en\/wp-json\/wp\/v2\/product\/23216"}],"collection":[{"href":"https:\/\/www.radiomarket.fi\/en\/wp-json\/wp\/v2\/product"}],"about":[{"href":"https:\/\/www.radiomarket.fi\/en\/wp-json\/wp\/v2\/types\/product"}],"wp:featuredmedia":[{"embeddable":true,"href":"https:\/\/www.radiomarket.fi\/en\/wp-json\/wp\/v2\/media\/6316"}],"wp:attachment":[{"href":"https:\/\/www.radiomarket.fi\/en\/wp-json\/wp\/v2\/media?parent=23216"}],"curies":[{"name":"wp","href":"https:\/\/api.w.org\/{rel}","templated":true}]}}