{"id":23226,"date":"2020-10-05T11:33:23","date_gmt":"2020-10-05T08:33:23","guid":{"rendered":"https:\/\/www.radiomarket.fi\/tuote\/ekua5156-telefunken-fe-211-tl\/"},"modified":"2020-11-10T07:52:08","modified_gmt":"2020-11-10T05:52:08","slug":"ekua5156-telefunken-fe-211-tl","status":"publish","type":"product","link":"https:\/\/www.radiomarket.fi\/en\/kohde\/ekua5156-telefunken-fe-211-tl\/","title":{"rendered":"EKUA5156 Telefunken FE 211 TL"},"content":{"rendered":"Ruskea, metallinen yl\u00e4osa, ruskeasta muovista alaosa. Luonnonmuovin v\u00e4riset nappulat etupaneelissa, joista 7 py\u00f6ritett\u00e4vi\u00e4 ja 3 painettavaa mallia.","protected":false},"excerpt":{"rendered":"<p>Ruskea, metallinen yl\u00e4osa, ruskeasta muovista alaosa. Luonnonmuovin v\u00e4riset nappulat etupaneelissa, joista 7 py\u00f6ritett\u00e4vi\u00e4 ja 3 painettavaa mallia.<\/p>","protected":false},"featured_media":6306,"template":"","meta":[],"_links":{"self":[{"href":"https:\/\/www.radiomarket.fi\/en\/wp-json\/wp\/v2\/product\/23226"}],"collection":[{"href":"https:\/\/www.radiomarket.fi\/en\/wp-json\/wp\/v2\/product"}],"about":[{"href":"https:\/\/www.radiomarket.fi\/en\/wp-json\/wp\/v2\/types\/product"}],"wp:featuredmedia":[{"embeddable":true,"href":"https:\/\/www.radiomarket.fi\/en\/wp-json\/wp\/v2\/media\/6306"}],"wp:attachment":[{"href":"https:\/\/www.radiomarket.fi\/en\/wp-json\/wp\/v2\/media?parent=23226"}],"curies":[{"name":"wp","href":"https:\/\/api.w.org\/{rel}","templated":true}]}}