{"id":23232,"date":"2020-10-05T11:33:25","date_gmt":"2020-10-05T08:33:25","guid":{"rendered":"https:\/\/www.radiomarket.fi\/tuote\/ekua5150-ericsson-tel20\/"},"modified":"2021-02-20T20:20:52","modified_gmt":"2021-02-20T18:20:52","slug":"ekua5150-ericsson-tel20","status":"publish","type":"product","link":"https:\/\/www.radiomarket.fi\/en\/kohde\/ekua5150-ericsson-tel20\/","title":{"rendered":"EKUA5150 Ericsson TEL20"},"content":{"rendered":"Musta muovikuorinen laite, jossa luuri vasemmalla ja n\u00e4pp\u00e4imist\u00f6 alhaalla oikealla, oikeassa yl\u00e4kulmassa digitaalin\u00e4ytt\u00f6 ja sen alla kymmenen paikkaa valmiiksi tallennetuille numeroille.","protected":false},"excerpt":{"rendered":"<p>Musta muovikuorinen laite, jossa luuri vasemmalla ja n\u00e4pp\u00e4imist\u00f6 alhaalla oikealla, oikeassa yl\u00e4kulmassa digitaalin\u00e4ytt\u00f6 ja sen alla kymmenen paikkaa valmiiksi tallennetuille numeroille.<\/p>","protected":false},"featured_media":6299,"template":"","meta":[],"_links":{"self":[{"href":"https:\/\/www.radiomarket.fi\/en\/wp-json\/wp\/v2\/product\/23232"}],"collection":[{"href":"https:\/\/www.radiomarket.fi\/en\/wp-json\/wp\/v2\/product"}],"about":[{"href":"https:\/\/www.radiomarket.fi\/en\/wp-json\/wp\/v2\/types\/product"}],"wp:featuredmedia":[{"embeddable":true,"href":"https:\/\/www.radiomarket.fi\/en\/wp-json\/wp\/v2\/media\/6299"}],"wp:attachment":[{"href":"https:\/\/www.radiomarket.fi\/en\/wp-json\/wp\/v2\/media?parent=23232"}],"curies":[{"name":"wp","href":"https:\/\/api.w.org\/{rel}","templated":true}]}}