{"id":23269,"date":"2024-09-03T11:33:39","date_gmt":"2024-09-03T08:33:39","guid":{"rendered":"https:\/\/www.radiomarket.fi\/tuote\/ekua5106-helvar-syncombi-atlanta-ml23\/"},"modified":"2024-09-03T14:20:21","modified_gmt":"2024-09-03T11:20:21","slug":"ekua5106-helvar-syncombi-atlanta-ml23","status":"publish","type":"product","link":"https:\/\/www.radiomarket.fi\/en\/kohde\/ekua5106-helvar-syncombi-atlanta-ml23\/","title":{"rendered":"EKUA5106 Helvar Syncombi Atlanta ML23"},"content":{"rendered":"<p>Ruskeita nuppeja edell\u00e4 mainittuun televisioon. Yhteens\u00e4 14 kappaletta. Yksi suuri py\u00f6ritett\u00e4v\u00e4 nuppi, jossa kultareunuksella numero 2-13, halkaisija 6 cm. Kaksi sile\u00e4\u00e4 nuppia halkaisija 2,3 cm. Yksi nuppi, jossa uria sivuilla, halkaisija 1,1 cm. Viisi sile\u00e4\u00e4 nuppia, halkaisija 1 cm, osa nupeista halkeillut. Viisi nuppia, joissa uria sivuilla ja kullanv\u00e4rinen reunus p\u00e4\u00e4llispuolella, halkaisija 1,8 cm, yhdest\u00e4 nupeista puuttuu kultareunus. Nupit 5\u20ac\/kpl, kerrothan ostaessasi mink\u00e4 nupeista haluat.<\/p>","protected":false},"excerpt":{"rendered":"<p>Kirjetoimitustuotteita kannattaa ostaa useampia kerralla, kukin kirjetoimitettava lis\u00e4tuote ostoskorissa nostaa kirjetoimituksen perusmaksua vain \u20ac0,10 (tilanne 9\/2024).<\/p>","protected":false},"featured_media":6245,"template":"","meta":[],"_links":{"self":[{"href":"https:\/\/www.radiomarket.fi\/en\/wp-json\/wp\/v2\/product\/23269"}],"collection":[{"href":"https:\/\/www.radiomarket.fi\/en\/wp-json\/wp\/v2\/product"}],"about":[{"href":"https:\/\/www.radiomarket.fi\/en\/wp-json\/wp\/v2\/types\/product"}],"wp:featuredmedia":[{"embeddable":true,"href":"https:\/\/www.radiomarket.fi\/en\/wp-json\/wp\/v2\/media\/6245"}],"wp:attachment":[{"href":"https:\/\/www.radiomarket.fi\/en\/wp-json\/wp\/v2\/media?parent=23269"}],"curies":[{"name":"wp","href":"https:\/\/api.w.org\/{rel}","templated":true}]}}